{"id":693,"date":"2025-09-14T21:40:26","date_gmt":"2025-09-14T19:40:26","guid":{"rendered":"http:\/\/buschkollektiv.de\/?page_id=693"},"modified":"2025-10-09T10:27:20","modified_gmt":"2025-10-09T08:27:20","slug":"693-2","status":"publish","type":"page","link":"http:\/\/buschkollektiv.de\/","title":{"rendered":"Home"},"content":{"rendered":"<p>[et_pb_section fb_built=&#8220;1&#8243; admin_label=&#8220;Header&#8220; _builder_version=&#8220;4.24.2&#8243; _module_preset=&#8220;default&#8220; locked=&#8220;off&#8220; collapsed=&#8220;on&#8220; global_colors_info=&#8220;{}&#8220;][et_pb_row _builder_version=&#8220;4.24.2&#8243; _module_preset=&#8220;default&#8220; width=&#8220;90%&#8220; max_width=&#8220;none&#8220; global_colors_info=&#8220;{}&#8220;][et_pb_column type=&#8220;4_4&#8243; _builder_version=&#8220;4.24.2&#8243; _module_preset=&#8220;default&#8220; global_colors_info=&#8220;{}&#8220;][et_pb_text _builder_version=&#8220;4.27.4&#8243; _module_preset=&#8220;bc458e58-b16b-4e5d-9f9e-aa843f406506&#8243; global_colors_info=&#8220;{}&#8220;]<\/p>\n<h1><span>Ideas that grow <br \/>into design<\/span><\/h1>\n<p>[\/et_pb_text][\/et_pb_column][\/et_pb_row][et_pb_row column_structure=&#8220;1_3,1_3,1_3&#8243; _builder_version=&#8220;4.24.2&#8243; _module_preset=&#8220;default&#8220; width=&#8220;90%&#8220; max_width=&#8220;none&#8220; global_colors_info=&#8220;{}&#8220;][et_pb_column type=&#8220;1_3&#8243; _builder_version=&#8220;4.24.2&#8243; _module_preset=&#8220;default&#8220; global_colors_info=&#8220;{}&#8220;][et_pb_text _builder_version=&#8220;4.24.2&#8243; _module_preset=&#8220;c369e700-3523-47c9-b775-24acff8a449c&#8220; global_colors_info=&#8220;{}&#8220;]<\/p>\n<p><span>Design ist mehr als Gestaltung \u2013 es ist die Verbindung von Strategie, Kreativit\u00e4t und Emotion. Mit einem interdisziplin\u00e4ren Blick entwickeln wir Konzepte, die Marken Klarheit geben, komplexe Inhalte verst\u00e4ndlich machen und Menschen nachhaltig erreichen.<\/span><\/p>\n<p>[\/et_pb_text][\/et_pb_column][et_pb_column type=&#8220;1_3&#8243; _builder_version=&#8220;4.24.2&#8243; _module_preset=&#8220;default&#8220; global_colors_info=&#8220;{}&#8220;][et_pb_button button_text=&#8220;See our work&#8220; _builder_version=&#8220;4.27.4&#8243; _module_preset=&#8220;501c4ced-c4ff-4476-bbc5-7b5e66f813b5&#8243; global_colors_info=&#8220;{}&#8220;][\/et_pb_button][\/et_pb_column][et_pb_column type=&#8220;1_3&#8243; _builder_version=&#8220;4.24.2&#8243; _module_preset=&#8220;default&#8220; global_colors_info=&#8220;{}&#8220;][\/et_pb_column][\/et_pb_row][et_pb_row _builder_version=&#8220;4.27.4&#8243; _module_preset=&#8220;default&#8220; width=&#8220;100%&#8220; max_width=&#8220;1945px&#8220; module_alignment=&#8220;center&#8220; global_colors_info=&#8220;{}&#8220;][et_pb_column type=&#8220;4_4&#8243; _builder_version=&#8220;4.27.4&#8243; _module_preset=&#8220;default&#8220; global_colors_info=&#8220;{}&#8220;][et_pb_image src=&#8220;http:\/\/buschkollektiv.de\/wp-content\/uploads\/2025\/09\/Stefanie-Heinzmann_buschkollektiv_magazin_low-scaled.jpg&#8220; title_text=&#8220;Stefanie Heinzmann_buschkollektiv_magazin_low&#8220; align=&#8220;center&#8220; force_fullwidth=&#8220;on&#8220; _builder_version=&#8220;4.27.4&#8243; _module_preset=&#8220;default&#8220; global_colors_info=&#8220;{}&#8220;][\/et_pb_image][\/et_pb_column][\/et_pb_row][et_pb_row column_structure=&#8220;1_4,1_4,1_4,1_4&#8243; use_custom_gutter=&#8220;on&#8220; gutter_width=&#8220;2&#8243; make_equal=&#8220;on&#8220; _builder_version=&#8220;4.24.2&#8243; _module_preset=&#8220;default&#8220; width=&#8220;90%&#8220; max_width=&#8220;2000px&#8220; global_colors_info=&#8220;{}&#8220; locked=&#8220;off&#8220;][et_pb_column type=&#8220;1_4&#8243; _builder_version=&#8220;4.24.2&#8243; _module_preset=&#8220;default&#8220; global_colors_info=&#8220;{}&#8220;][et_pb_image src=&#8220;http:\/\/buschkollektiv.de\/wp-content\/uploads\/2025\/09\/IMG_3725-Kopie-scaled.jpg&#8220; title_text=&#8220;IMG_3725 Kopie&#8220; _builder_version=&#8220;4.27.4&#8243; _module_preset=&#8220;default&#8220; custom_margin=&#8220;20%||||false|false&#8220; scroll_scaling_enable=&#8220;on&#8220; scroll_scaling=&#8220;0|100|100|100|80%|100%|100&#8243; hover_enabled=&#8220;0&#8243; global_colors_info=&#8220;{}&#8220; sticky_enabled=&#8220;0&#8243;][\/et_pb_image][\/et_pb_column][et_pb_column type=&#8220;1_4&#8243; _builder_version=&#8220;4.24.2&#8243; _module_preset=&#8220;default&#8220; global_colors_info=&#8220;{}&#8220;][et_pb_image src=&#8220;http:\/\/buschkollektiv.de\/wp-content\/uploads\/2025\/09\/Portfoilio_Omas-gegen-rechts-small.jpg&#8220; title_text=&#8220;High quality photo of big tablet with blank screen on the table,&#8220; _builder_version=&#8220;4.27.4&#8243; _module_preset=&#8220;default&#8220; custom_margin=&#8220;|-40%|||false|false&#8220; hover_enabled=&#8220;0&#8243; global_colors_info=&#8220;{}&#8220; sticky_enabled=&#8220;0&#8243;][\/et_pb_image][\/et_pb_column][et_pb_column type=&#8220;1_4&#8243; _builder_version=&#8220;4.24.2&#8243; _module_preset=&#8220;default&#8220; global_colors_info=&#8220;{}&#8220;][et_pb_image src=&#8220;http:\/\/buschkollektiv.de\/wp-content\/uploads\/2025\/10\/buschkollektiv_editorial-design_in03.jpg&#8220; title_text=&#8220;buschkollektiv_editorial design_in03&#8243; _builder_version=&#8220;4.27.4&#8243; _module_preset=&#8220;default&#8220; custom_margin=&#8220;40%||||false|false&#8220; scroll_vertical_motion_enable=&#8220;on&#8220; scroll_vertical_motion=&#8220;0|50|50|100|1|0|-1&#8243; hover_enabled=&#8220;0&#8243; locked=&#8220;off&#8220; global_colors_info=&#8220;{}&#8220; sticky_enabled=&#8220;0&#8243;][\/et_pb_image][\/et_pb_column][et_pb_column type=&#8220;1_4&#8243; _builder_version=&#8220;4.24.2&#8243; _module_preset=&#8220;default&#8220; global_colors_info=&#8220;{}&#8220;][et_pb_image src=&#8220;http:\/\/buschkollektiv.de\/wp-content\/uploads\/2025\/10\/myheatlh-webiste-mockup_low-Kopie.jpg&#8220; title_text=&#8220;myheatlh webiste mockup_low Kopie&#8220; _builder_version=&#8220;4.27.4&#8243; _module_preset=&#8220;default&#8220; custom_margin=&#8220;60%||||false|false&#8220; scroll_fade_enable=&#8220;on&#8220; scroll_fade=&#8220;0|100|100|100|40%|100|100&#8243; hover_enabled=&#8220;0&#8243; locked=&#8220;off&#8220; global_colors_info=&#8220;{}&#8220; sticky_enabled=&#8220;0&#8243;][\/et_pb_image][\/et_pb_column][\/et_pb_row][\/et_pb_section][et_pb_section fb_built=&#8220;1&#8243; admin_label=&#8220;Header&#8220; _builder_version=&#8220;4.24.2&#8243; _module_preset=&#8220;default&#8220; locked=&#8220;off&#8220; collapsed=&#8220;on&#8220; global_colors_info=&#8220;{}&#8220;][et_pb_row _builder_version=&#8220;4.24.2&#8243; _module_preset=&#8220;default&#8220; width=&#8220;90%&#8220; max_width=&#8220;2000px&#8220; global_colors_info=&#8220;{}&#8220;][et_pb_column type=&#8220;4_4&#8243; _builder_version=&#8220;4.24.2&#8243; _module_preset=&#8220;default&#8220; global_colors_info=&#8220;{}&#8220;][et_pb_text _builder_version=&#8220;4.24.2&#8243; _module_preset=&#8220;683e0e32-503f-4b8b-9cb6-d99ee49119e9&#8243; global_colors_info=&#8220;{}&#8220;]<\/p>\n<h1>About\u00a0<\/h1>\n<p>[\/et_pb_text][\/et_pb_column][\/et_pb_row][et_pb_row column_structure=&#8220;1_2,1_2&#8243; _builder_version=&#8220;4.24.2&#8243; _module_preset=&#8220;default&#8220; width=&#8220;90%&#8220; max_width=&#8220;2000px&#8220; global_colors_info=&#8220;{}&#8220;][et_pb_column type=&#8220;1_2&#8243; _builder_version=&#8220;4.24.2&#8243; _module_preset=&#8220;default&#8220; global_colors_info=&#8220;{}&#8220;][et_pb_text _builder_version=&#8220;4.24.2&#8243; _module_preset=&#8220;5840ee27-71a5-40ce-9c5b-bdaeaf2e9013&#8243; global_colors_info=&#8220;{}&#8220;]<\/p>\n<p data-start=\"295\" data-end=\"592\">Unsere Arbeit basiert auf dem Zusammenspiel unterschiedlicher Perspektiven \u2013 aus Design, Strategie, Redaktion, Technologie und Beratung. In unserem Netzwerk b\u00fcndeln wir diese Kompetenzen, um Projekte ganzheitlich zu entwickeln und nachhaltig umzusetzen.<\/p>\n<p data-start=\"594\" data-end=\"1021\">Wir glauben, dass Design nicht nur eine visuelle Oberfl\u00e4che ist, sondern ein strategisches Werkzeug, das Orientierung gibt, Werte sichtbar macht und komplexe Inhalte verst\u00e4ndlich vermittelt. Deshalb arbeiten wir interdisziplin\u00e4r: Designer:innen, Redakteur:innen, Entwickler:innen und Berater:innen bringen ihre Expertise ein, um L\u00f6sungen zu schaffen, die sowohl konzeptionell fundiert als auch gestalterisch \u00fcberzeugend sind.<\/p>\n<p data-start=\"1350\" data-end=\"1704\">\n<p>[\/et_pb_text][\/et_pb_column][et_pb_column type=&#8220;1_2&#8243; _builder_version=&#8220;4.24.2&#8243; _module_preset=&#8220;default&#8220; global_colors_info=&#8220;{}&#8220;][et_pb_text _builder_version=&#8220;4.24.2&#8243; _module_preset=&#8220;5840ee27-71a5-40ce-9c5b-bdaeaf2e9013&#8243; global_colors_info=&#8220;{}&#8220;]<\/p>\n<p data-start=\"1023\" data-end=\"1348\">Unsere Projekte reichen von der Entwicklung klarer Markenidentit\u00e4ten \u00fcber Editorial- und UX-Design bis hin zu Storytelling-Formaten und visuellen Kommunikationsstrategien. Besonders wichtig ist uns, dass jedes Projekt im Kontext seiner Zielgruppen gedacht wird \u2013 empathisch, nachvollziehbar und mit einem Blick f\u00fcr Wirkung.<\/p>\n<p data-start=\"1350\" data-end=\"1704\">So entstehen Auftritte, die nicht nur \u00e4sthetisch ansprechend sind, sondern auch Substanz haben: Sie vermitteln Vertrauen, schaffen Klarheit und machen Organisationen \u00fcber alle Kan\u00e4le hinweg erlebbar. Durch die enge Zusammenarbeit mit unseren Kund:innen und Partner:innen entwickeln wir L\u00f6sungen, die langfristig tragen und einen echten Mehrwert bieten.<\/p>\n<p>[\/et_pb_text][\/et_pb_column][\/et_pb_row][\/et_pb_section][et_pb_section fb_built=&#8220;1&#8243; admin_label=&#8220;Footer&#8220; _builder_version=&#8220;4.24.2&#8243; _module_preset=&#8220;default&#8220; min_height=&#8220;580px&#8220; saved_tabs=&#8220;all&#8220; collapsed=&#8220;on&#8220; global_colors_info=&#8220;{}&#8220;][et_pb_row _builder_version=&#8220;4.24.2&#8243; _module_preset=&#8220;default&#8220; width=&#8220;90%&#8220; max_width=&#8220;none&#8220; locked=&#8220;off&#8220; global_colors_info=&#8220;{}&#8220;][et_pb_column type=&#8220;4_4&#8243; _builder_version=&#8220;4.24.2&#8243; _module_preset=&#8220;default&#8220; global_colors_info=&#8220;{}&#8220;][et_pb_text _builder_version=&#8220;4.24.2&#8243; _module_preset=&#8220;9e26fcf6-5270-40a4-b651-c2abf1f083eb&#8220; header_2_font_size=&#8220;8vw&#8220; global_colors_info=&#8220;{}&#8220;]<\/p>\n<h2>Buschkollektiv<\/h2>\n<p>[\/et_pb_text][\/et_pb_column][\/et_pb_row][et_pb_row column_structure=&#8220;1_4,1_4,1_4,1_4&#8243; _builder_version=&#8220;4.24.2&#8243; _module_preset=&#8220;default&#8220; width=&#8220;90%&#8220; max_width=&#8220;none&#8220; locked=&#8220;off&#8220; global_colors_info=&#8220;{}&#8220;][et_pb_column type=&#8220;1_4&#8243; _builder_version=&#8220;4.24.2&#8243; _module_preset=&#8220;default&#8220; global_colors_info=&#8220;{}&#8220;][et_pb_text _builder_version=&#8220;4.27.4&#8243; _module_preset=&#8220;4a8d1353-254b-4a06-8456-c9e28f032436&#8243; header_4_text_color=&#8220;gcid-026ff79c-cfbd-4464-8301-81adff325a85&#8243; custom_margin=&#8220;||0px||false|false&#8220; global_colors_info=&#8220;{%22gcid-026ff79c-cfbd-4464-8301-81adff325a85%22:%91%22header_4_text_color%22%93}&#8220;]<\/p>\n<h4>Contact<\/h4>\n<p>[\/et_pb_text][et_pb_text _builder_version=&#8220;4.27.4&#8243; _module_preset=&#8220;ca551136-c492-4daa-8485-217f272d8795&#8243; text_text_color=&#8220;#000000&#8243; link_text_color=&#8220;#000000&#8243; custom_margin=&#8220;||10px||false|false&#8220; global_colors_info=&#8220;{}&#8220;]<\/p>\n<p><a href=\"mailto:#\">design@buschkollektiv.de<\/a><\/p>\n<p>[\/et_pb_text][et_pb_text _builder_version=&#8220;4.27.4&#8243; _module_preset=&#8220;ca551136-c492-4daa-8485-217f272d8795&#8243; text_text_color=&#8220;#000000&#8243; link_text_color=&#8220;#000000&#8243; custom_margin=&#8220;||10px||false|false&#8220; global_colors_info=&#8220;{}&#8220;]<\/p>\n<p>(0049) 151 401 39 612<\/p>\n<p>[\/et_pb_text][\/et_pb_column][et_pb_column type=&#8220;1_4&#8243; _builder_version=&#8220;4.24.2&#8243; _module_preset=&#8220;default&#8220; global_colors_info=&#8220;{}&#8220;][et_pb_text _builder_version=&#8220;4.24.2&#8243; _module_preset=&#8220;4a8d1353-254b-4a06-8456-c9e28f032436&#8243; header_4_text_color=&#8220;gcid-026ff79c-cfbd-4464-8301-81adff325a85&#8243; custom_margin=&#8220;||0px||false|false&#8220; global_colors_info=&#8220;{%22gcid-026ff79c-cfbd-4464-8301-81adff325a85%22:%91%22header_4_text_color%22%93}&#8220;]<\/p>\n<h4>Address<\/h4>\n<p>[\/et_pb_text][et_pb_text _builder_version=&#8220;4.27.4&#8243; _module_preset=&#8220;ca551136-c492-4daa-8485-217f272d8795&#8243; text_text_color=&#8220;#000000&#8243; link_text_color=&#8220;#000000&#8243; custom_margin=&#8220;||10px||false|false&#8220; global_colors_info=&#8220;{}&#8220;]<\/p>\n<p>23564 L\u00fcbeck, Germany<\/p>\n<p>[\/et_pb_text][\/et_pb_column][et_pb_column type=&#8220;1_4&#8243; _builder_version=&#8220;4.24.2&#8243; _module_preset=&#8220;default&#8220; global_colors_info=&#8220;{}&#8220;][et_pb_text _builder_version=&#8220;4.24.2&#8243; _module_preset=&#8220;4a8d1353-254b-4a06-8456-c9e28f032436&#8243; header_4_text_color=&#8220;gcid-026ff79c-cfbd-4464-8301-81adff325a85&#8243; custom_margin=&#8220;||0px||false|false&#8220; global_colors_info=&#8220;{%22gcid-026ff79c-cfbd-4464-8301-81adff325a85%22:%91%22header_4_text_color%22%93}&#8220;]<\/p>\n<h4>Follow Us<\/h4>\n<p>[\/et_pb_text][et_pb_text _builder_version=&#8220;4.24.2&#8243; _module_preset=&#8220;ca551136-c492-4daa-8485-217f272d8795&#8243; text_text_color=&#8220;#000000&#8243; link_text_color=&#8220;#000000&#8243; custom_margin=&#8220;||10px||false|false&#8220; global_colors_info=&#8220;{}&#8220;]<a href=\"#\">Instagram<\/a>[\/et_pb_text][et_pb_text _builder_version=&#8220;4.27.4&#8243; _module_preset=&#8220;ca551136-c492-4daa-8485-217f272d8795&#8243; text_text_color=&#8220;#000000&#8243; link_text_color=&#8220;#000000&#8243; custom_margin=&#8220;||10px||false|false&#8220; global_colors_info=&#8220;{}&#8220;]<\/p>\n<p>LinkedIn<\/p>\n<p>[\/et_pb_text][\/et_pb_column][et_pb_column type=&#8220;1_4&#8243; _builder_version=&#8220;4.24.2&#8243; _module_preset=&#8220;default&#8220; global_colors_info=&#8220;{}&#8220;][et_pb_text _builder_version=&#8220;4.27.4&#8243; _dynamic_attributes=&#8220;content&#8220; _module_preset=&#8220;ca551136-c492-4daa-8485-217f272d8795&#8243; text_text_color=&#8220;#000000&#8243; link_text_color=&#8220;#000000&#8243; global_colors_info=&#8220;{}&#8220;]@ET-DC@eyJkeW5hbWljIjp0cnVlLCJjb250ZW50IjoiY3VycmVudF9kYXRlIiwic2V0dGluZ3MiOnsiYmVmb3JlIjoiQ29weXJpZ2h0ICZjb3B5OyAiLCJhZnRlciI6IiBCdXNjaGtvbGxla3Rpdi4gQWxsIFJpZ2h0cyBSZXNlcnZlZC4iLCJkYXRlX2Zvcm1hdCI6ImN1c3RvbSIsImN1c3RvbV9kYXRlX2Zvcm1hdCI6IlkifX0=@[\/et_pb_text][\/et_pb_column][\/et_pb_row][\/et_pb_section]<\/p>\n","protected":false},"excerpt":{"rendered":"<p>Ideas that grow into designDesign ist mehr als Gestaltung \u2013 es ist die Verbindung von Strategie, Kreativit\u00e4t und Emotion. Mit einem interdisziplin\u00e4ren Blick entwickeln wir Konzepte, die Marken Klarheit geben, komplexe Inhalte verst\u00e4ndlich machen und Menschen nachhaltig erreichen.About\u00a0Unsere Arbeit basiert auf dem Zusammenspiel unterschiedlicher Perspektiven \u2013 aus Design, Strategie, Redaktion, Technologie und Beratung. In unserem Netzwerk b\u00fcndeln wir diese Kompetenzen, um Projekte ganzheitlich zu entwickeln und nachhaltig umzusetzen. Wir glauben, dass Design nicht nur eine visuelle Oberfl\u00e4che ist, sondern ein strategisches Werkzeug, das Orientierung gibt, Werte sichtbar macht und komplexe Inhalte verst\u00e4ndlich vermittelt. Deshalb arbeiten wir interdisziplin\u00e4r: Designer:innen, Redakteur:innen, Entwickler:innen und Berater:innen bringen ihre Expertise ein, um L\u00f6sungen zu schaffen, die sowohl konzeptionell fundiert als auch gestalterisch \u00fcberzeugend sind. Unsere Projekte reichen von der Entwicklung klarer Markenidentit\u00e4ten \u00fcber Editorial- und UX-Design bis hin zu Storytelling-Formaten und visuellen Kommunikationsstrategien. Besonders wichtig ist uns, dass jedes Projekt im Kontext seiner Zielgruppen gedacht wird \u2013 empathisch, nachvollziehbar und mit einem Blick f\u00fcr Wirkung. So entstehen Auftritte, die nicht nur \u00e4sthetisch ansprechend sind, sondern auch Substanz haben: Sie vermitteln Vertrauen, schaffen Klarheit und machen Organisationen \u00fcber alle Kan\u00e4le hinweg erlebbar. Durch die enge Zusammenarbeit mit unseren Kund:innen und Partner:innen entwickeln wir L\u00f6sungen, die langfristig [&hellip;]<\/p>\n","protected":false},"author":1,"featured_media":0,"parent":0,"menu_order":0,"comment_status":"closed","ping_status":"closed","template":"","meta":{"_et_pb_use_builder":"on","_et_pb_old_content":"","_et_gb_content_width":"","footnotes":""},"class_list":["post-693","page","type-page","status-publish","hentry"],"_links":{"self":[{"href":"http:\/\/buschkollektiv.de\/index.php?rest_route=\/wp\/v2\/pages\/693","targetHints":{"allow":["GET"]}}],"collection":[{"href":"http:\/\/buschkollektiv.de\/index.php?rest_route=\/wp\/v2\/pages"}],"about":[{"href":"http:\/\/buschkollektiv.de\/index.php?rest_route=\/wp\/v2\/types\/page"}],"author":[{"embeddable":true,"href":"http:\/\/buschkollektiv.de\/index.php?rest_route=\/wp\/v2\/users\/1"}],"replies":[{"embeddable":true,"href":"http:\/\/buschkollektiv.de\/index.php?rest_route=%2Fwp%2Fv2%2Fcomments&post=693"}],"version-history":[{"count":7,"href":"http:\/\/buschkollektiv.de\/index.php?rest_route=\/wp\/v2\/pages\/693\/revisions"}],"predecessor-version":[{"id":745,"href":"http:\/\/buschkollektiv.de\/index.php?rest_route=\/wp\/v2\/pages\/693\/revisions\/745"}],"wp:attachment":[{"href":"http:\/\/buschkollektiv.de\/index.php?rest_route=%2Fwp%2Fv2%2Fmedia&parent=693"}],"curies":[{"name":"wp","href":"https:\/\/api.w.org\/{rel}","templated":true}]}}